{"id":562,"date":"2025-03-11T14:09:27","date_gmt":"2025-03-11T14:09:27","guid":{"rendered":"https:\/\/paradoxenergy.tech\/accessibilitat\/"},"modified":"2025-05-12T15:09:54","modified_gmt":"2025-05-12T15:09:54","slug":"accessibilitat","status":"publish","type":"page","link":"https:\/\/paradoxenergy.tech\/ca\/accessibilitat\/","title":{"rendered":"Accessibilitat"},"content":{"rendered":"\t\t<div data-elementor-type=\"wp-post\" data-elementor-id=\"562\" class=\"elementor elementor-562 elementor-206\" data-elementor-post-type=\"page\">\n\t\t\t\t<div class=\"elementor-element elementor-element-b150e1d e-con-full e-flex e-con e-parent\" data-id=\"b150e1d\" data-element_type=\"container\" data-settings=\"{&quot;background_background&quot;:&quot;classic&quot;}\">\n\t\t<div class=\"elementor-element elementor-element-7266d2f e-flex e-con-boxed e-con e-child\" data-id=\"7266d2f\" data-element_type=\"container\" data-settings=\"{&quot;background_background&quot;:&quot;classic&quot;}\">\n\t\t\t\t\t<div class=\"e-con-inner\">\n\t\t\t\t<div class=\"elementor-element elementor-element-b199a4e elementor-widget elementor-widget-heading\" data-id=\"b199a4e\" data-element_type=\"widget\" data-widget_type=\"heading.default\">\n\t\t\t\t\t<h2 class=\"elementor-heading-title elementor-size-default\">Accessibilitat<\/h2>\t\t\t\t<\/div>\n\t\t\t\t\t<\/div>\n\t\t\t\t<\/div>\n\t\t<div class=\"elementor-element elementor-element-02a5fb8 e-flex e-con-boxed e-con e-child\" data-id=\"02a5fb8\" data-element_type=\"container\">\n\t\t\t\t\t<div class=\"e-con-inner\">\n\t\t\t\t<div class=\"elementor-element elementor-element-5de8ddd elementor-widget elementor-widget-text-editor\" data-id=\"5de8ddd\" data-element_type=\"widget\" data-widget_type=\"text-editor.default\">\n\t\t\t\t\t\t\t\t\t<div style=\"margin-bottom: 40px;\">\n\nAquesta declaraci\u00f3 d&#8217;accessibilitat s&#8217;aplica al web <span id=\"webName\">paradoxenergy.tech<\/span>\n\n<\/div>\n<div style=\"margin-bottom: 40px;\">\n<h2>SITUACI\u00d3 DE COMPLIMENT<\/h2>\nAquest lloc web \u00e9s parcialment conforme amb el RD 1112\/2018 a causa d&#8217;excepcions i incompliments indicats al seg\u00fcent punt.\n\n<\/div>\n<div style=\"margin-bottom: 40px;\">\n<h2>CONTINGUT NO ACCESSIBLE<\/h2>\nEl contingut que s&#8217;indica a continuaci\u00f3 no \u00e9s accessible pels motius seg\u00fcents:\n<ul>\n \t<li>Manca de conformitat amb el RD 1112\/2018<\/li>\n \t<li>Alguns aspectes de contrast poden no complir el m\u00ednim requerit (3:1) respecte dels colors adjacents del fons. [9.1.4.11 Contrast no textual] <\/li>\n \t<li>Elements no textuals poden no estar etiquetats correctament. [2.5.3. <\/li>\n \t<li>Els cercadors executen cerques autom\u00e0ticament sense acci\u00f3 de l&#8217;usuari. [3.2.2 En rebre entrades] <\/li>\n \t<li>Alguns textos en un altre idioma poden no estar correctament etiquetats. [3.1.2 Idioma de les parts] <\/li>\n \t<li>Podrien haver-hi errors de codi en algunes p\u00e0gines. [4.1.1 Processament] <\/li>\n<\/ul>\n<\/div>\n<div style=\"margin-bottom: 40px;\">\n<h2>C\u00c0RREGA DESPRO-PORCIONADA<\/h2>\nNo s&#8217;aplica.\n\n<\/div>\n<div style=\"margin-bottom: 40px;\">\n<h2>CONTINGUT EXCL\u00d2S DE LA LEGISLACI\u00d3<\/h2>\nAlguns fitxers en PDF o altres formats, publicats abans del 20 de setembre del 2018, poden no complir totalment els requisits d&#8217;accessibilitat, tot i que s&#8217;ha procurat que la majoria ho facin.\n\n<\/div>\n<div style=\"margin-bottom: 40px;\">\n<h2>OBSERVACIONS I DADES DE CONTACTE<\/h2>\nPodeu contactar amb nosaltres a trav\u00e9s del correu <a href=\"mailto:info@paradoxenergy.tech\"><span id=\"companyEmail\">info@paradoxenergy.tech<\/span><\/a> o trucant al <span id=\"companyPhone\">+36 686 813 098<\/span> per a:  \n<ul>\n \t<li>Informar sobre possibles incompliments.<\/li>\n \t<li>Transmetre dificultats dacc\u00e9s al contingut.<\/li>\n \t<li>Realitzar consultes o suggeriments de millora sobre laccessibilitat.<\/li>\n<\/ul>\n<\/div>\n<div style=\"margin-bottom: 40px;\">\n<h2>PROCEDIMENT D&#8217;APLICACI\u00d3<\/h2>\nSi despr\u00e9s d&#8217;una sol\u00b7licitud d&#8217;informaci\u00f3 accessible o queixa no obt\u00e9 una resposta satisfact\u00f2ria, podeu presentar una reclamaci\u00f3 a trav\u00e9s de la Seu Electr\u00f2nica del Ministeri d&#8217;Afers Econ\u00f2mics i Transformaci\u00f3 Digital.\n\n<\/div>\n<div style=\"margin-bottom: 40px;\">\n<h2>CONTINGUT OPCIONAL<\/h2>\nAquest lloc web permet modificar la mida del text i els colors des de les opcions del navegador.\n\nPer canviar la mida del text:\n<ul>\n \t<li>Internet Explorer, Mozilla i Firefox: Veure&gt; Grand\u00e0ria del text<\/li>\n \t<li>\u00d2pera: Veure&gt; Zoom<\/li>\n \t<li>Safari: Veure&gt; Engrandir el text<\/li>\n \t<li>Chrome: Controlar la p\u00e0gina actual&gt; Grand\u00e0ria del text<\/li>\n<\/ul>\nDreceres de teclat:\n<ul>\n \t<li><b>Ctrl + +<\/b> per augmentar<\/li>\n \t<li><b>Ctrl + &#8211;<\/b> per disminuir<\/li>\n \t<li><b>Ctrl+0<\/b> per restaurar<\/li>\n<\/ul>\n<\/div>\t\t\t\t\t\t\t\t<\/div>\n\t\t\t\t\t<\/div>\n\t\t\t\t<\/div>\n\t\t\t\t<\/div>\n\t\t\t\t<\/div>\n\t\t","protected":false},"excerpt":{"rendered":"<p>Accessibilitat Aquesta declaraci\u00f3 d&#8217;accessibilitat s&#8217;aplica al web paradoxenergy.tech SITUACI\u00d3 DE COMPLIMENT Aquest lloc web \u00e9s parcialment conforme amb el RD 1112\/2018 a causa d&#8217;excepcions i incompliments indicats al seg\u00fcent punt. CONTINGUT NO ACCESSIBLE El contingut que s&#8217;indica a continuaci\u00f3 no \u00e9s accessible pels motius seg\u00fcents: Manca de conformitat amb el RD 1112\/2018 Alguns aspectes de [&hellip;]<\/p>\n","protected":false},"author":1,"featured_media":0,"parent":0,"menu_order":0,"comment_status":"closed","ping_status":"closed","template":"elementor_header_footer","meta":{"footnotes":""},"class_list":["post-562","page","type-page","status-publish","hentry"],"yoast_head":"<!-- This site is optimized with the Yoast SEO plugin v25.3 - https:\/\/yoast.com\/wordpress\/plugins\/seo\/ -->\n<title>Accessibilitat - Paradox Energytech<\/title>\n<meta name=\"robots\" content=\"index, follow, max-snippet:-1, max-image-preview:large, max-video-preview:-1\" \/>\n<link rel=\"canonical\" href=\"https:\/\/paradoxenergy.tech\/ca\/accessibilitat\/\" \/>\n<meta property=\"og:locale\" content=\"ca_ES\" \/>\n<meta property=\"og:type\" content=\"article\" \/>\n<meta property=\"og:title\" content=\"Accessibilitat - Paradox Energytech\" \/>\n<meta property=\"og:description\" content=\"Accessibilitat Aquesta declaraci\u00f3 d&#8217;accessibilitat s&#8217;aplica al web paradoxenergy.tech SITUACI\u00d3 DE COMPLIMENT Aquest lloc web \u00e9s parcialment conforme amb el RD 1112\/2018 a causa d&#8217;excepcions i incompliments indicats al seg\u00fcent punt. CONTINGUT NO ACCESSIBLE El contingut que s&#8217;indica a continuaci\u00f3 no \u00e9s accessible pels motius seg\u00fcents: Manca de conformitat amb el RD 1112\/2018 Alguns aspectes de [&hellip;]\" \/>\n<meta property=\"og:url\" content=\"https:\/\/paradoxenergy.tech\/ca\/accessibilitat\/\" \/>\n<meta property=\"og:site_name\" content=\"Paradox Energytech\" \/>\n<meta property=\"article:modified_time\" content=\"2025-05-12T15:09:54+00:00\" \/>\n<meta name=\"twitter:card\" content=\"summary_large_image\" \/>\n<meta name=\"twitter:label1\" content=\"Temps estimat de lectura\" \/>\n\t<meta name=\"twitter:data1\" content=\"2 minuts\" \/>\n<script type=\"application\/ld+json\" class=\"yoast-schema-graph\">{\"@context\":\"https:\/\/schema.org\",\"@graph\":[{\"@type\":\"WebPage\",\"@id\":\"https:\/\/paradoxenergy.tech\/ca\/accessibilitat\/\",\"url\":\"https:\/\/paradoxenergy.tech\/ca\/accessibilitat\/\",\"name\":\"Accessibilitat - Paradox Energytech\",\"isPartOf\":{\"@id\":\"https:\/\/paradoxenergy.tech\/ca\/#website\"},\"datePublished\":\"2025-03-11T14:09:27+00:00\",\"dateModified\":\"2025-05-12T15:09:54+00:00\",\"breadcrumb\":{\"@id\":\"https:\/\/paradoxenergy.tech\/ca\/accessibilitat\/#breadcrumb\"},\"inLanguage\":\"ca\",\"potentialAction\":[{\"@type\":\"ReadAction\",\"target\":[\"https:\/\/paradoxenergy.tech\/ca\/accessibilitat\/\"]}]},{\"@type\":\"BreadcrumbList\",\"@id\":\"https:\/\/paradoxenergy.tech\/ca\/accessibilitat\/#breadcrumb\",\"itemListElement\":[{\"@type\":\"ListItem\",\"position\":1,\"name\":\"Portada\",\"item\":\"https:\/\/paradoxenergy.tech\/ca\/inici\/\"},{\"@type\":\"ListItem\",\"position\":2,\"name\":\"Accessibilitat\"}]},{\"@type\":\"WebSite\",\"@id\":\"https:\/\/paradoxenergy.tech\/ca\/#website\",\"url\":\"https:\/\/paradoxenergy.tech\/ca\/\",\"name\":\"Paradox Energytech\",\"description\":\"\",\"potentialAction\":[{\"@type\":\"SearchAction\",\"target\":{\"@type\":\"EntryPoint\",\"urlTemplate\":\"https:\/\/paradoxenergy.tech\/ca\/?s={search_term_string}\"},\"query-input\":{\"@type\":\"PropertyValueSpecification\",\"valueRequired\":true,\"valueName\":\"search_term_string\"}}],\"inLanguage\":\"ca\"}]}<\/script>\n<!-- \/ Yoast SEO plugin. -->","yoast_head_json":{"title":"Accessibilitat - Paradox Energytech","robots":{"index":"index","follow":"follow","max-snippet":"max-snippet:-1","max-image-preview":"max-image-preview:large","max-video-preview":"max-video-preview:-1"},"canonical":"https:\/\/paradoxenergy.tech\/ca\/accessibilitat\/","og_locale":"ca_ES","og_type":"article","og_title":"Accessibilitat - Paradox Energytech","og_description":"Accessibilitat Aquesta declaraci\u00f3 d&#8217;accessibilitat s&#8217;aplica al web paradoxenergy.tech SITUACI\u00d3 DE COMPLIMENT Aquest lloc web \u00e9s parcialment conforme amb el RD 1112\/2018 a causa d&#8217;excepcions i incompliments indicats al seg\u00fcent punt. CONTINGUT NO ACCESSIBLE El contingut que s&#8217;indica a continuaci\u00f3 no \u00e9s accessible pels motius seg\u00fcents: Manca de conformitat amb el RD 1112\/2018 Alguns aspectes de [&hellip;]","og_url":"https:\/\/paradoxenergy.tech\/ca\/accessibilitat\/","og_site_name":"Paradox Energytech","article_modified_time":"2025-05-12T15:09:54+00:00","twitter_card":"summary_large_image","twitter_misc":{"Temps estimat de lectura":"2 minuts"},"schema":{"@context":"https:\/\/schema.org","@graph":[{"@type":"WebPage","@id":"https:\/\/paradoxenergy.tech\/ca\/accessibilitat\/","url":"https:\/\/paradoxenergy.tech\/ca\/accessibilitat\/","name":"Accessibilitat - Paradox Energytech","isPartOf":{"@id":"https:\/\/paradoxenergy.tech\/ca\/#website"},"datePublished":"2025-03-11T14:09:27+00:00","dateModified":"2025-05-12T15:09:54+00:00","breadcrumb":{"@id":"https:\/\/paradoxenergy.tech\/ca\/accessibilitat\/#breadcrumb"},"inLanguage":"ca","potentialAction":[{"@type":"ReadAction","target":["https:\/\/paradoxenergy.tech\/ca\/accessibilitat\/"]}]},{"@type":"BreadcrumbList","@id":"https:\/\/paradoxenergy.tech\/ca\/accessibilitat\/#breadcrumb","itemListElement":[{"@type":"ListItem","position":1,"name":"Portada","item":"https:\/\/paradoxenergy.tech\/ca\/inici\/"},{"@type":"ListItem","position":2,"name":"Accessibilitat"}]},{"@type":"WebSite","@id":"https:\/\/paradoxenergy.tech\/ca\/#website","url":"https:\/\/paradoxenergy.tech\/ca\/","name":"Paradox Energytech","description":"","potentialAction":[{"@type":"SearchAction","target":{"@type":"EntryPoint","urlTemplate":"https:\/\/paradoxenergy.tech\/ca\/?s={search_term_string}"},"query-input":{"@type":"PropertyValueSpecification","valueRequired":true,"valueName":"search_term_string"}}],"inLanguage":"ca"}]}},"_links":{"self":[{"href":"https:\/\/paradoxenergy.tech\/ca\/wp-json\/wp\/v2\/pages\/562","targetHints":{"allow":["GET"]}}],"collection":[{"href":"https:\/\/paradoxenergy.tech\/ca\/wp-json\/wp\/v2\/pages"}],"about":[{"href":"https:\/\/paradoxenergy.tech\/ca\/wp-json\/wp\/v2\/types\/page"}],"author":[{"embeddable":true,"href":"https:\/\/paradoxenergy.tech\/ca\/wp-json\/wp\/v2\/users\/1"}],"replies":[{"embeddable":true,"href":"https:\/\/paradoxenergy.tech\/ca\/wp-json\/wp\/v2\/comments?post=562"}],"version-history":[{"count":1,"href":"https:\/\/paradoxenergy.tech\/ca\/wp-json\/wp\/v2\/pages\/562\/revisions"}],"predecessor-version":[{"id":563,"href":"https:\/\/paradoxenergy.tech\/ca\/wp-json\/wp\/v2\/pages\/562\/revisions\/563"}],"wp:attachment":[{"href":"https:\/\/paradoxenergy.tech\/ca\/wp-json\/wp\/v2\/media?parent=562"}],"curies":[{"name":"wp","href":"https:\/\/api.w.org\/{rel}","templated":true}]}}