{"id":566,"date":"2025-03-11T14:09:10","date_gmt":"2025-03-11T14:09:10","guid":{"rendered":"https:\/\/paradoxenergy.tech\/legal-notice\/"},"modified":"2025-05-12T15:26:21","modified_gmt":"2025-05-12T15:26:21","slug":"legal-notice","status":"publish","type":"page","link":"https:\/\/paradoxenergy.tech\/ca\/legal-notice\/","title":{"rendered":"Av\u00eds Legal"},"content":{"rendered":"\t\t<div data-elementor-type=\"wp-post\" data-elementor-id=\"566\" class=\"elementor elementor-566 elementor-204\" data-elementor-post-type=\"page\">\n\t\t\t\t<div class=\"elementor-element elementor-element-29248be e-con-full e-flex e-con e-parent\" data-id=\"29248be\" data-element_type=\"container\" data-settings=\"{&quot;background_background&quot;:&quot;classic&quot;}\">\n\t\t<div class=\"elementor-element elementor-element-7883f3c e-flex e-con-boxed e-con e-child\" data-id=\"7883f3c\" data-element_type=\"container\" data-settings=\"{&quot;background_background&quot;:&quot;classic&quot;}\">\n\t\t\t\t\t<div class=\"e-con-inner\">\n\t\t\t\t<div class=\"elementor-element elementor-element-559e6c0 elementor-widget elementor-widget-heading\" data-id=\"559e6c0\" data-element_type=\"widget\" data-widget_type=\"heading.default\">\n\t\t\t\t\t<h2 class=\"elementor-heading-title elementor-size-default\">Av\u00eds Legal<\/h2>\t\t\t\t<\/div>\n\t\t\t\t\t<\/div>\n\t\t\t\t<\/div>\n\t\t<div class=\"elementor-element elementor-element-db7119e e-flex e-con-boxed e-con e-child\" data-id=\"db7119e\" data-element_type=\"container\">\n\t\t\t\t\t<div class=\"e-con-inner\">\n\t\t\t\t<div class=\"elementor-element elementor-element-d34bd4b elementor-widget elementor-widget-text-editor\" data-id=\"d34bd4b\" data-element_type=\"widget\" data-widget_type=\"text-editor.default\">\n\t\t\t\t\t\t\t\t\t<div style=\"margin-bottom: 40px;\">Este aviso legal (en adelante, el \u201cAviso\u201d) regula el uso del portal web paradoxenergy.tech (en adelante, el \u201cPortal\u201d) que PARADOX ENERGYTECH, S.L. , (en adelante, \u201cPARADOX ENERGYTECH, S.L.\u201d) pone a disposici\u00f3n de los usuarios de Internet. La utilizaci\u00f3n del Portal, incluido el mero acceso, concede la condici\u00f3n de usuario (en adelante, el\/los \u201cUsuario\/s\u201d) y supone la aceptaci\u00f3n plena y sin reservas de todas las estipulaciones de este Aviso que se encuentren en vigor en el momento del acceso. En consecuencia, el Usuario debe leer el Aviso cada vez que utilice el Portal. El Usuario es consciente y acepta voluntaria y expresamente que el uso del Portal se realiza en todo caso bajo la suya exclusiva responsabilidad.   <\/div><div style=\"margin-bottom: 40px;\"><h2>1.Informaci\u00f3n legal<\/h2><p>El titular del Portal es: PARADOX ENERGYTECH, S.L.<\/p><p>Nuestros datos de contacto son los siguientes:<br>Identidad del responsable: Jordi Noguera<br>Nombre comercial: PARADOX ENERGYTECH, S.L.<br>CIF: B13693189<br>Direcci\u00f3n: Calle Mestran\u00e7a, 33, 1\u00ba, 08003, Barcelona<br>Tel\u00e9fono: +36 686 813 098<br>Correo electr\u00f3nico: info@paradoxenergy.tech<\/p><\/div><div style=\"margin-bottom: 40px;\"><h2>2.Condiciones de uso<\/h2><h3>2.1.Contenidos<\/h3><p>El acceso al Portal es de car\u00e1cter gratuito y el Usuario se obliga a hacer un uso adecuado del mismo, conforme a las condiciones de este Aviso, a la normativa vigente que resulte de aplicaci\u00f3n, la moral y el orden p\u00fablico. Los contenidos del Portal tienen un car\u00e1cter meramente informativo.<br>La informaci\u00f3n incluida no constituye en ninguna caso una fuente de asesoramiento ni establece una relaci\u00f3n profesional ni de ning\u00fan otro tipo entre el Usuario y PARADOX ENERGYTECH, S.L. Su utilizaci\u00f3n es responsabilidad exclusiva del Usuario, por lo que se desaconseja la presa de decisiones a partir de la informaci\u00f3n facilitada sin contar con el adecuado asesoramiento profesional. PARADOX ENERGYTECH, S.L. se reserva el derecho de modificar en cualquier momento y sin previo aviso el contenido del Portal, su Aviso y pol\u00edtica de privacidad o cualquier otra condici\u00f3n o texto que resulte de aplicaci\u00f3n.  <\/p><h3>2.2.Enlaces<\/h3><p>Aquellos Usuarios que deseen introducir enlaces desde otras p\u00e1ginas web hacia el Portal deben solicitar autorizaci\u00f3n previa a PARADOX ENERGYTECH, S.L..<br>En cualquier caso, estos enlaces se autorizar\u00e1n bajo las siguientes condiciones: Deben dirigirse a la p\u00e1gina principal u home page del Portal sin reproducirla en forma alguna. Se proh\u00edbe la creaci\u00f3n de marcos o frames de cualquier tipo que permitan que el Portal sea visualizado en trav\u00e9s de direcciones diferentes o de forma que induzca a error, confusi\u00f3n o enga\u00f1o a los usuarios respecto del origen del contenido, implique una conducta desleal, utilice o perjudique de cualquier forma la reputaci\u00f3n e imagen del despacho y su marca o sea contrario de cualquier forma en la normativa vigente, la moral o el orden p\u00fablico Se proh\u00edbe la utilizaci\u00f3n de cualquier marca o signo distintivo de PARADOX ENERGYTECH, S.L. que no cuente con autorizaci\u00f3n expresa de su titular. La existencia de este tipo de enlaces no implica en modo alguno la existencia de relaciones entre PARADOX ENERGYTECH, S.L., el propietario del sitio o de la p\u00e1gina web en la que se establezca el enlace hacia el Portal, ni la aceptaci\u00f3n o aprobaci\u00f3n de sus contenidos o servicios. A su vez, PARADOX ENERGYTECH, S.L. puede introducir en el Portal enlaces que permiten a los Usuarios acceder a p\u00e1ginas web de terceros para facilitar la navegaci\u00f3n y experiencia.<br>En estos casos, PARADOX ENERGYTECH, S.L. no se responsabiliza del contenido o servicios ofrecidos por \u00e9stos ni de los da\u00f1os que puedan originarse con motivo de su consulta o utilizaci\u00f3n. En cualquier caso, PARADOX ENERGYTECH, S.L. se reserva el derecho de prohibir en cualquier momento el uso de los enlaces previamente autorizados, entre otros, en los supuestos de actividad o contenidos il\u00edcitos de la p\u00e1gina web en la que se incluye el enlace.    <\/p><\/div><div style=\"margin-bottom: 40px;\"><h2>3.Propiedad intelectual<\/h2><p>Todos los contenidos del Portal son propiedad intelectual\/industrial de PARADOX ENERGYTECH, S.L. o de terceros que han proporcionado las autorizaciones o licencias necesarias para su utilizaci\u00f3n.<br>Entre otros, el nombre del dominio, las marcas, el Portal, el c\u00f3digo fuente, y la tecnolog\u00eda asociada al mismo, los contenidos publicados, incluyendo los dise\u00f1os, textos e im\u00e1genes. El Usuario no podr\u00e1 realizar una reproducci\u00f3n, transformaci\u00f3n, distribuci\u00f3n, comunicaci\u00f3n p\u00fablica, puesta en disposici\u00f3n, extracci\u00f3n o uso, por cualquier medio o procedimiento, de los citados elementos, salvo en los casos en que est\u00e9 legalmente permitido o sea autorizado de forma expresa por PARADOX ENERGYTECH, S.L. <\/p><\/div><div style=\"margin-bottom: 40px;\"><h2>4.Responsabilidad<\/h2><h3>4.1.Contenidos<\/h3><p>PARADOX ENERGYTECH, S.L. y su personal aplicar\u00e1n los medios y esfuerzos razonables a facilitar a trav\u00e9s del Portal informaci\u00f3n actualizada y fehaciente.<br>Sin embargo, no se hacen responsables de los errores u omisiones de la informaci\u00f3n o contenidos facilitados a trav\u00e9s del Portal ni de la aplicaci\u00f3n o uso concreto que pudiera hacerse de \u00e9stos. El acceso al Portal no implica la obligaci\u00f3n de PARADOX ENERGYTECH, S.L. ni de su personal de comprobar la veracidad, exactitud, idoneidad, adecuaci\u00f3n, exhaustividad y actualidad de la informaci\u00f3n y contenidos.<br>Los contenidos del Portal no suponen en forma alguna la prestaci\u00f3n de ning\u00fan servicio legal. El Usuario es el \u00fanico responsable frente a cualquier reclamaci\u00f3n o acci\u00f3n legal, judicial o extrajudicial, iniciada por terceros contra PARADOX ENERGYTECH, S.L. que tenga su origen en la utilizaci\u00f3n del Portal por el Usuario.<br>En su en caso, el Usuario asumir\u00e1 los gastos, costes e indemnizaciones originados a PARADOX ENERGYTECH, S.L. con motivo de tales reclamaciones o acciones legales.  <\/p><h3>4.2.Funcionamiento<\/h3><p>PARADOX ENERGYTECH, S.L. no se hace responsable por las interferencias, omisiones, interrupciones, virus inform\u00e1ticos o otros elementos que puedan producir alteraciones en los sistemas del Usuario o en sus documentos o archivos motivados por causas ajenas a PARADOX ENERGYTECH, S.L. o en caso de haber adoptado estas medidas de seguridad razonablemente adecuadas. Del mismo modo, PARADOX ENERGYTECH, S.L. no asume la responsabilidad derivada de retrasos o bloqueos en el funcionamiento operativo del Portal causado por deficiencias o sobrecarga en las l\u00edneas telef\u00f3nicas o en Internet, as\u00ed como de da\u00f1os causados por terceras personas mediante intromisiones ilegitimas. PARADOX ENERGYTECH, S.L. se reserva el derecho de suspender el acceso al Portal con motivo de operaciones de mantenimiento, reparaci\u00f3n y\/o mejora.  <\/p><h3>4.3.Enlaces<\/h3><p>PARADOX ENERGYTECH, S.L. no se hace responsable de los contenidos y servicios de aquellas p\u00e1ginas web que puedan estar enlazadas en el Portal m\u00e1s all\u00e1 de la responsabilidad asignada por la Ley 34\/2002, de 12 de julio, de Servicios de la Sociedad de la Informaci\u00f3n y el Comercio Electr\u00f3nico, en la medida en que pudiera tener conocimiento efectivo de la ilicitud de los contenidos y servicios suministrados en el portal web enlazado y no desactive el enlace con la diligencia debida. Si desea poner en nuestro conocimiento la existencia de un enlace hacia un sitio web con contenidos que considera inadecuados o il\u00edcitos puede ponerse en contacto con nosotros en info@paradoxenergy.tech. <\/p><\/div><div style=\"margin-bottom: 40px;\"><h2>5.Protecci\u00f3n de datos<\/h2><p>Puede acceder a la informaci\u00f3n detallada respecto al tratamiento de los datos personales que PARADOX ENERGYTECH, S.L. lleva a t\u00e9rmino de los Usuarios visitando nuestra Pol\u00edtica de privacidad.<\/p><\/div><div style=\"margin-bottom: 40px;\"><h2>6.Legislaci\u00f3n<\/h2><p>El presente Aviso Legal se rige e interpreta, en caso de resultar necesario, por la legislaci\u00f3n com\u00fan espa\u00f1ola y, salvo que se establezca lo contrario en la normativa aplicable, cualquier conflicto se somete por las partes a los jueces y tribunales de la ciudad de Barcelona.<\/p><\/div>\t\t\t\t\t\t\t\t<\/div>\n\t\t\t\t\t<\/div>\n\t\t\t\t<\/div>\n\t\t\t\t<\/div>\n\t\t\t\t<\/div>\n\t\t","protected":false},"excerpt":{"rendered":"<p>Av\u00eds Legal Este aviso legal (en adelante, el \u201cAviso\u201d) regula el uso del portal web paradoxenergy.tech (en adelante, el \u201cPortal\u201d) que PARADOX ENERGYTECH, S.L. , (en adelante, \u201cPARADOX ENERGYTECH, S.L.\u201d) pone a disposici\u00f3n de los usuarios de Internet. La utilizaci\u00f3n del Portal, incluido el mero acceso, concede la condici\u00f3n de usuario (en adelante, el\/los \u201cUsuario\/s\u201d) [&hellip;]<\/p>\n","protected":false},"author":1,"featured_media":0,"parent":0,"menu_order":0,"comment_status":"closed","ping_status":"closed","template":"elementor_header_footer","meta":{"footnotes":""},"class_list":["post-566","page","type-page","status-publish","hentry"],"yoast_head":"<!-- This site is optimized with the Yoast SEO plugin v25.3 - https:\/\/yoast.com\/wordpress\/plugins\/seo\/ -->\n<title>Av\u00eds Legal - Paradox Energytech<\/title>\n<meta name=\"robots\" content=\"index, follow, max-snippet:-1, max-image-preview:large, max-video-preview:-1\" \/>\n<link rel=\"canonical\" href=\"https:\/\/paradoxenergy.tech\/ca\/legal-notice\/\" \/>\n<meta property=\"og:locale\" content=\"ca_ES\" \/>\n<meta property=\"og:type\" content=\"article\" \/>\n<meta property=\"og:title\" content=\"Av\u00eds Legal - Paradox Energytech\" \/>\n<meta property=\"og:description\" content=\"Av\u00eds Legal Este aviso legal (en adelante, el \u201cAviso\u201d) regula el uso del portal web paradoxenergy.tech (en adelante, el \u201cPortal\u201d) que PARADOX ENERGYTECH, S.L. , (en adelante, \u201cPARADOX ENERGYTECH, S.L.\u201d) pone a disposici\u00f3n de los usuarios de Internet. La utilizaci\u00f3n del Portal, incluido el mero acceso, concede la condici\u00f3n de usuario (en adelante, el\/los \u201cUsuario\/s\u201d) [&hellip;]\" \/>\n<meta property=\"og:url\" content=\"https:\/\/paradoxenergy.tech\/ca\/legal-notice\/\" \/>\n<meta property=\"og:site_name\" content=\"Paradox Energytech\" \/>\n<meta property=\"article:modified_time\" content=\"2025-05-12T15:26:21+00:00\" \/>\n<meta name=\"twitter:card\" content=\"summary_large_image\" \/>\n<meta name=\"twitter:label1\" content=\"Temps estimat de lectura\" \/>\n\t<meta name=\"twitter:data1\" content=\"6 minuts\" \/>\n<script type=\"application\/ld+json\" class=\"yoast-schema-graph\">{\"@context\":\"https:\/\/schema.org\",\"@graph\":[{\"@type\":\"WebPage\",\"@id\":\"https:\/\/paradoxenergy.tech\/ca\/legal-notice\/\",\"url\":\"https:\/\/paradoxenergy.tech\/ca\/legal-notice\/\",\"name\":\"Av\u00eds Legal - Paradox Energytech\",\"isPartOf\":{\"@id\":\"https:\/\/paradoxenergy.tech\/ca\/#website\"},\"datePublished\":\"2025-03-11T14:09:10+00:00\",\"dateModified\":\"2025-05-12T15:26:21+00:00\",\"breadcrumb\":{\"@id\":\"https:\/\/paradoxenergy.tech\/ca\/legal-notice\/#breadcrumb\"},\"inLanguage\":\"ca\",\"potentialAction\":[{\"@type\":\"ReadAction\",\"target\":[\"https:\/\/paradoxenergy.tech\/ca\/legal-notice\/\"]}]},{\"@type\":\"BreadcrumbList\",\"@id\":\"https:\/\/paradoxenergy.tech\/ca\/legal-notice\/#breadcrumb\",\"itemListElement\":[{\"@type\":\"ListItem\",\"position\":1,\"name\":\"Portada\",\"item\":\"https:\/\/paradoxenergy.tech\/ca\/inici\/\"},{\"@type\":\"ListItem\",\"position\":2,\"name\":\"Av\u00eds Legal\"}]},{\"@type\":\"WebSite\",\"@id\":\"https:\/\/paradoxenergy.tech\/ca\/#website\",\"url\":\"https:\/\/paradoxenergy.tech\/ca\/\",\"name\":\"Paradox Energytech\",\"description\":\"\",\"potentialAction\":[{\"@type\":\"SearchAction\",\"target\":{\"@type\":\"EntryPoint\",\"urlTemplate\":\"https:\/\/paradoxenergy.tech\/ca\/?s={search_term_string}\"},\"query-input\":{\"@type\":\"PropertyValueSpecification\",\"valueRequired\":true,\"valueName\":\"search_term_string\"}}],\"inLanguage\":\"ca\"}]}<\/script>\n<!-- \/ Yoast SEO plugin. -->","yoast_head_json":{"title":"Av\u00eds Legal - Paradox Energytech","robots":{"index":"index","follow":"follow","max-snippet":"max-snippet:-1","max-image-preview":"max-image-preview:large","max-video-preview":"max-video-preview:-1"},"canonical":"https:\/\/paradoxenergy.tech\/ca\/legal-notice\/","og_locale":"ca_ES","og_type":"article","og_title":"Av\u00eds Legal - Paradox Energytech","og_description":"Av\u00eds Legal Este aviso legal (en adelante, el \u201cAviso\u201d) regula el uso del portal web paradoxenergy.tech (en adelante, el \u201cPortal\u201d) que PARADOX ENERGYTECH, S.L. , (en adelante, \u201cPARADOX ENERGYTECH, S.L.\u201d) pone a disposici\u00f3n de los usuarios de Internet. La utilizaci\u00f3n del Portal, incluido el mero acceso, concede la condici\u00f3n de usuario (en adelante, el\/los \u201cUsuario\/s\u201d) [&hellip;]","og_url":"https:\/\/paradoxenergy.tech\/ca\/legal-notice\/","og_site_name":"Paradox Energytech","article_modified_time":"2025-05-12T15:26:21+00:00","twitter_card":"summary_large_image","twitter_misc":{"Temps estimat de lectura":"6 minuts"},"schema":{"@context":"https:\/\/schema.org","@graph":[{"@type":"WebPage","@id":"https:\/\/paradoxenergy.tech\/ca\/legal-notice\/","url":"https:\/\/paradoxenergy.tech\/ca\/legal-notice\/","name":"Av\u00eds Legal - Paradox Energytech","isPartOf":{"@id":"https:\/\/paradoxenergy.tech\/ca\/#website"},"datePublished":"2025-03-11T14:09:10+00:00","dateModified":"2025-05-12T15:26:21+00:00","breadcrumb":{"@id":"https:\/\/paradoxenergy.tech\/ca\/legal-notice\/#breadcrumb"},"inLanguage":"ca","potentialAction":[{"@type":"ReadAction","target":["https:\/\/paradoxenergy.tech\/ca\/legal-notice\/"]}]},{"@type":"BreadcrumbList","@id":"https:\/\/paradoxenergy.tech\/ca\/legal-notice\/#breadcrumb","itemListElement":[{"@type":"ListItem","position":1,"name":"Portada","item":"https:\/\/paradoxenergy.tech\/ca\/inici\/"},{"@type":"ListItem","position":2,"name":"Av\u00eds Legal"}]},{"@type":"WebSite","@id":"https:\/\/paradoxenergy.tech\/ca\/#website","url":"https:\/\/paradoxenergy.tech\/ca\/","name":"Paradox Energytech","description":"","potentialAction":[{"@type":"SearchAction","target":{"@type":"EntryPoint","urlTemplate":"https:\/\/paradoxenergy.tech\/ca\/?s={search_term_string}"},"query-input":{"@type":"PropertyValueSpecification","valueRequired":true,"valueName":"search_term_string"}}],"inLanguage":"ca"}]}},"_links":{"self":[{"href":"https:\/\/paradoxenergy.tech\/ca\/wp-json\/wp\/v2\/pages\/566","targetHints":{"allow":["GET"]}}],"collection":[{"href":"https:\/\/paradoxenergy.tech\/ca\/wp-json\/wp\/v2\/pages"}],"about":[{"href":"https:\/\/paradoxenergy.tech\/ca\/wp-json\/wp\/v2\/types\/page"}],"author":[{"embeddable":true,"href":"https:\/\/paradoxenergy.tech\/ca\/wp-json\/wp\/v2\/users\/1"}],"replies":[{"embeddable":true,"href":"https:\/\/paradoxenergy.tech\/ca\/wp-json\/wp\/v2\/comments?post=566"}],"version-history":[{"count":3,"href":"https:\/\/paradoxenergy.tech\/ca\/wp-json\/wp\/v2\/pages\/566\/revisions"}],"predecessor-version":[{"id":569,"href":"https:\/\/paradoxenergy.tech\/ca\/wp-json\/wp\/v2\/pages\/566\/revisions\/569"}],"wp:attachment":[{"href":"https:\/\/paradoxenergy.tech\/ca\/wp-json\/wp\/v2\/media?parent=566"}],"curies":[{"name":"wp","href":"https:\/\/api.w.org\/{rel}","templated":true}]}}