{"id":572,"date":"2025-03-11T14:08:52","date_gmt":"2025-03-11T14:08:52","guid":{"rendered":"https:\/\/paradoxenergy.tech\/politica-de-cookies\/"},"modified":"2025-05-12T15:28:48","modified_gmt":"2025-05-12T15:28:48","slug":"politica-de-cookies","status":"publish","type":"page","link":"https:\/\/paradoxenergy.tech\/ca\/politica-de-cookies\/","title":{"rendered":"Pol\u00edtica de Cookies"},"content":{"rendered":"\t\t<div data-elementor-type=\"wp-post\" data-elementor-id=\"572\" class=\"elementor elementor-572 elementor-202\" data-elementor-post-type=\"page\">\n\t\t\t\t<div class=\"elementor-element elementor-element-d1aa045 e-con-full e-flex e-con e-parent\" data-id=\"d1aa045\" data-element_type=\"container\" data-settings=\"{&quot;background_background&quot;:&quot;classic&quot;}\">\n\t\t<div class=\"elementor-element elementor-element-c96b731 e-flex e-con-boxed e-con e-child\" data-id=\"c96b731\" data-element_type=\"container\" data-settings=\"{&quot;background_background&quot;:&quot;classic&quot;}\">\n\t\t\t\t\t<div class=\"e-con-inner\">\n\t\t\t\t<div class=\"elementor-element elementor-element-8c95392 elementor-widget elementor-widget-heading\" data-id=\"8c95392\" data-element_type=\"widget\" data-widget_type=\"heading.default\">\n\t\t\t\t\t<h2 class=\"elementor-heading-title elementor-size-default\">Pol\u00edtica de Cookies<\/h2>\t\t\t\t<\/div>\n\t\t\t\t\t<\/div>\n\t\t\t\t<\/div>\n\t\t<div class=\"elementor-element elementor-element-70e39c6 e-flex e-con-boxed e-con e-child\" data-id=\"70e39c6\" data-element_type=\"container\">\n\t\t\t\t\t<div class=\"e-con-inner\">\n\t\t\t\t<div class=\"elementor-element elementor-element-6e83872 elementor-widget elementor-widget-text-editor\" data-id=\"6e83872\" data-element_type=\"widget\" data-widget_type=\"text-editor.default\">\n\t\t\t\t\t\t\t\t\t<div style=\"margin-bottom: 40px;\">\n<h2>1.INTRODUCCI\u00d3N<\/h2>\nEl sitio web de paradoxenergy.tech utiliza cookies propias y de terceros. Una cookie es un archivo que se descarga en el su ordenador al acceder a determinadas p\u00e1ginas web. Las cookies permiten a una p\u00e1gina web, entre otros fines, asegurar el correcto funcionamiento de la p\u00e1gina, permitir al Usuario un acceso m\u00e1s r\u00e1pido a los servicios seleccionados, almacenar y recuperar informaci\u00f3n sobre los h\u00e1bitos de navegaci\u00f3n de un usuario o equipo y incluso, dependiendo de la informaci\u00f3n que contengan y de la forma en que utilice su equipo, se pueden utilizar para reconocer al usuario.  \nLas cookies se asocian \u00fanicamente a un usuario an\u00f3nimo y su ordenador o dispositivo y no proporcionan referencias que permitan conocer sus datos personales, salvo permiso expreso de aqu\u00e9l.\nEl usuario puede, en todo momento, aceptar o rechazar las cookies instaladas que no sean estrictamente necesarias para el correcto funcionamiento de la web y el acceso al Usuario a sus servicios, a trav\u00e9s del panel de ajuste de cookies proporcionado en nuestra web. Asimismo, podr\u00e1 configurar su navegador en todo momento sin que esto perjudique la posibilidad del Usuario de acceder a los contenidos. Sin embargo, le informamos que el rechazo de las cookies puede disminuir el buen funcionamiento de la web.  \n\n<\/div>\n<div style=\"margin-bottom: 40px;\">\n<h2>2. COOKIES AFECTADAS POR LA NORMATIVA Y COOKIES EXENTAS<\/h2>\nSeg\u00fan la directiva de la UE, las cookies que requieren el consentimiento informado por parte del usuario son las cookies de anal\u00edtica, las de publicidad y afiliaci\u00f3n, quedando exceptuadas las de car\u00e1cter t\u00e9cnico y las necesarias para el funcionamiento del sitio web o la prestaci\u00f3n de servicios expresamente demandados por el usuario.\n\n<\/div>\n<div style=\"margin-bottom: 40px;\">\n<h2>3. TIPO DE COOKIES<\/h2>\na) Seg\u00fan la entidad que las gestione, existen Cookies propias (aquellas que se env\u00edan al equipo terminal de el usuario desde un equipo o dominio gestionado por el propio editor y desde el que se presta el servicio solicitado por el usuario) y de terceros (las que se env\u00edan al equipo terminal del usuario desde un equipo o dominio que no es gestionado por el editor, sino por otra entidad que trata los datos obtenidos mediante las cookies).\nb) Seg\u00fan el tiempo que permanecen activas, est\u00e1n las de sesi\u00f3n (dise\u00f1adas para pedir y almacenar datos mientras el usuario accede a una p\u00e1gina web) y las persistentes (en las que los datos se almacenan en el terminal y pueden ser accedidos y tratados durante un per\u00edodo definido por el responsable de la cookie -puede ir de unos minutos a varios a\u00f1os).\nc) Seg\u00fan la finalidad para la que tratan la informaci\u00f3n que recopilan, pueden ser:\n&#8211; Cookies t\u00e9cnicas (necesarias para el uso de la web y la prestaci\u00f3n del servicio contratado),\n\u2013 Cookies de personalizaci\u00f3n (que permiten al usuario acceder al servicio con caracter\u00edsticas predefinidas, como ahora el idioma, tipos de navegador, configuraci\u00f3n regional, etc.)\n\u2013 Cookies de an\u00e1lisis (recogen informaci\u00f3n del uso que se realiza de la web),\n\u2013 Cookies publicitarias (recogen informaci\u00f3n sobre las preferencias y elecciones personales de los usuarios),\n\u2013 Cookies de afiliados (permiten realizar un seguimiento de las visitas procedentes de otras webs, con las que el sitio web establece un contrato de afiliaci\u00f3n).\n\n<\/div>\n<div style=\"margin-bottom: 40px;\">\n<h2>4. TIPO DE COOKIES UTILIZADAS PARA ESTE SITIO WEB<\/h2>\nMientras navega por nuestra web, pueden almacenarse en su navegador las cookies de nuestras redes sociales. A continuaci\u00f3n, le indicamos los enlaces sobre las cookies de las redes sociales que utilizamos en esta web: \n<ul>\n \t<li>Cookies de Facebook, ver m\u00e1s informaci\u00f3n en su <a href=\"https:\/\/es-es.facebook.com\/privacy\/policies\/cookies\">pol\u00edtica de cookies<\/a><\/li>\n \t<li>Cookies de Twitter, ver m\u00e1s informaci\u00f3n en su <a href=\"https:\/\/help.twitter.com\/es\/rules-and-policies\/x-cookies\">pol\u00edtica de cookies<\/a><\/li>\n \t<li>Cookies de Instagram, ver m\u00e1s informaci\u00f3n en su <a href=\"https:\/\/privacycenter.instagram.com\/policies\/cookies\">pol\u00edtica de cookies<\/a><\/li>\n \t<li>Cookies de Linkedin, ver m\u00e1s informaci\u00f3n en su <a href=\"https:\/\/www.linkedin.com\/legal\/cookie-policy\">pol\u00edtica de cookies<\/a><\/li>\n \t<li>Cookies de Pinterest, ver m\u00e1s informaci\u00f3n en su <a href=\"https:\/\/policy.pinterest.com\/es\/cookies\">pol\u00edtica de cookies<\/a><\/li>\n \t<li>Cookies de Youtube, ver m\u00e1s informaci\u00f3n en su <a href=\"https:\/\/policies.google.com\/technologies\/cookies?hl=es\">pol\u00edtica de cookies<\/a><\/li>\n<\/ul>\n<h3>WordPress<\/h3>\n<div style=\"overflow: auto\">\n<table style=\"overflow-x: auto;\" border=\"\\\">\n<tbody>\n<tr>\n<td>Nombre<\/td>\n<td>Caducidad<\/td>\n<td>Funci\u00f3n<\/td>\n<\/tr>\n<tr>\n<td>wp-settings-time-*<\/td>\n<td>1 A\u00f1o<\/td>\n<td>para almacenar las preferencias del usuario.<\/td>\n<\/tr>\n<tr>\n<td>wordpress-logged_in_*<\/td>\n<td>1 A\u00f1o<\/td>\n<td>para almacenar usuarios registrados.<\/td>\n<\/tr>\n<tr>\n<td>twk_uuid_*<\/td>\n<td>6 Meses<\/td>\n<td>con funcionalidad desconocida.<\/td>\n<\/tr>\n<tr>\n<td>wp-settings-*<\/td>\n<td>1 A\u00f1o<\/td>\n<td>para almacenar las preferencias del usuario.<\/td>\n<\/tr>\n<tr>\n<td>wordpress-sec_*<\/td>\n<td>15 d\u00edas<\/td>\n<td>para brindar protecci\u00f3n contra piratas inform\u00e1ticos, almacene los detalles de la cuenta.<\/td>\n<\/tr>\n<tr>\n<td>wordpress-test-cookie<\/td>\n<td>Session<\/td>\n<td>para leer si se pueden colocar cookies.<\/td>\n<\/tr>\n<tr>\n<td>wp-settings-time-1<\/td>\n<td>1A\u00f1o<\/td>\n<td>para almacenar las preferencias del usuario.<\/td>\n<\/tr>\n<tr>\n<td>wp-settings-time-1<\/td>\n<td>1A\u00f1o<\/td>\n<td>para almacenar las preferencias del usuario.<\/td>\n<\/tr>\n<\/tbody>\n<\/table>\n<h3>PHP<\/h3>\n<table style=\"overflow-x: auto;\" border=\"\\\">\n<tbody>\n<tr>\n<td>Nombre<\/td>\n<td>Caducidad<\/td>\n<td>Funci\u00f3n<\/td>\n<\/tr>\n<tr>\n<td>PHPSESSID<\/td>\n<td>Session<\/td>\n<td>para proporcionar funciones en todas las p\u00e1ginas.<\/td>\n<\/tr>\n<\/tbody>\n<\/table>\n<h3>WPML<\/h3>\n<table style=\"overflow-x: auto;\" border=\"\\\">\n<tbody>\n<tr>\n<td>Nombre<\/td>\n<td>Caducidad<\/td>\n<td>Funci\u00f3n<\/td>\n<\/tr>\n<tr>\n<td>wp-wpml-current-admin-language_*<\/td>\n<td>1 A\u00f1o<\/td>\n<td>para almacenar la configuraci\u00f3n de idioma.<\/td>\n<\/tr>\n<tr>\n<td>wp-wpml-current-language<\/td>\n<td>1 D\u00eda<\/td>\n<td>para almacenar las preferencias del usuario.<\/td>\n<\/tr>\n<\/tbody>\n<\/table>\n<h3>Google<\/h3>\n<table style=\"overflow-x: auto;\" border=\"\\\">\n<tbody>\n<tr>\n<td>Nombre<\/td>\n<td>Caducidad<\/td>\n<td>Funci\u00f3n<\/td>\n<\/tr>\n<tr>\n<td>__Secure-ENID<\/td>\n<td>1 A\u00f1o<\/td>\n<td>Se utiliza para almacenar preferencias e informaci\u00f3n del usuario, como preferencias de idioma.<\/td>\n<\/tr>\n<tr>\n<td>__Secure-3PSIDTS<\/td>\n<td>1 A\u00f1o<\/td>\n<td>cookie persistente segura de servicios de Google<\/td>\n<\/tr>\n<tr>\n<td>__Secure-3PSIDCC<\/td>\n<td>1 A\u00f1o\ny 1 Mes<\/td>\n<td>Se utiliza para ofrecer anuncios m\u00e1s relevantes para usted y sus intereses.<\/td>\n<\/tr>\n<tr>\n<td>__Secure-3PSID<\/td>\n<td>1 A\u00f1o y 1 Mes<\/td>\n<td>Se utiliza para ofrecer anuncios m\u00e1s\nrelevantes para usted y sus intereses.<\/td>\n<\/tr>\n<tr>\n<td>__Secure-3PAPISID<\/td>\n<td>1 A\u00f1o<\/td>\n<td>Se utiliza para ofrecer anuncios m\u00e1s relevantes para usted y sus intereses.<\/td>\n<\/tr>\n<tr>\n<td>__Secure-1PSIDTS<\/td>\n<td>1 A\u00f1o<\/td>\n<td>Se utiliza para almacenar preferencias e informaci\u00f3n\ndel usuario al visualizar p\u00e1ginas con\nmapas de Google<\/td>\n<\/tr>\n<tr>\n<td>__Secure-1PSIDCC<\/td>\n<td>1 A\u00f1o<\/td>\n<td>Se utiliza para ofrecer anuncios m\u00e1s relevantes para usted y sus intereses.<\/td>\n<\/tr>\n<tr>\n<td>__Secure-1PSID<\/td>\n<td>1 A\u00f1o y 1Mes<\/td>\n<td>Se utiliza para almacenar preferencias e\ninformaci\u00f3n del usuario al visualizar p\u00e1ginas con\nmapas de Google.<\/td>\n<\/tr>\n<tr>\n<td>__Secure-1PAPISID<\/td>\n<td>1 A\u00f1o y 1 Mes<\/td>\n<td>Se utiliza para ofrecer anuncios m\u00e1s relevantes\npara usted y sus intereses.<\/td>\n<\/tr>\n<tr>\n<td>SSID<\/td>\n<td>1 A\u00f1o y 1 Mes<\/td>\n<td>Con\nfuncionalidad desconocida.<\/td>\n<\/tr>\n<tr>\n<td>SOCOS<\/td>\n<td>2 A\u00f1o<\/td>\n<td>Se utiliza para\nconfirmar la autenticidad de los visitantes, proteger los datos de los visitantes\ny\nevitar el uso\nfraudulento de las credenciales.<\/td>\n<\/tr>\n<tr>\n<td>SIDCC<\/td>\n<td>1 A\u00f1o<\/td>\n<td>para\nproporcionar la identificaci\u00f3n del tr\u00e1fico web de confianza<\/td>\n<\/tr>\n<tr>\n<td>SID<\/td>\n<td>1\nA\u00f1o<\/td>\n<td>para proporcionar entrega de anuncios o retargeting, proporcionar prevenci\u00f3n detd,\nfraude.<\/td>\n<\/tr>\n<tr>\n<td>SEARCH-SAMESITE<\/td>\n<td>6 Mesas<\/td>\n<td>utilizado para el correctotd,\nenv\u00edo de datos a Google.<\/td>\n<\/tr>\n<tr>\n<td>SAPISID<\/td>\n<td>1 A\u00f1o y 1 Mes<\/td>\n<td>Se utilizad,\npara almacenar preferencias e informaci\u00f3n del usuario al visualizar p\u00e1ginas\ncon mapas de Google<\/td>\n<\/tr>\n<tr>\n<td>OTZ<\/td>\n<td>1 A\u00f1o<\/td>\n<td>utilizado para publicidad y para analizar el uso del motortd,\nde b\u00fasqueda<\/td>\n<\/tr>\n<tr>\n<td>NID<\/td>\n<td>6 Meses<\/td>\n<td>usado para mostrar anuncios de\nlbGoogle en los servicios de Google a usuarios que no tengan la\nsesi\u00f3n iniciada.<\/td>\n<\/tr>\n<tr>\n<td>DV<\/td>\n<td>1 A\u00f1o<\/td>\n<td>para proporcionar entrega de anuncios o retargeting.<\/td>\n<\/tr>\n<tr>\n<td>HSID<\/td>\n<td>1 A\u00f1o y 1 Mes<\/td>\n<td>para proporcionar prevenci\u00f3n del fraude.<\/td>\n<\/tr>\n<tr>\n<td>CONSENTO<\/td>\n<td>1 A\u00f1o<\/td>\n<td>con funcionalidad desconocida..<\/td>\n<\/tr>\n<tr>\n<td>APISID<\/td>\n<td>1 A\u00f1o<\/td>\n<td>con funcionalidad desconocida.<\/td>\n<\/tr>\n<tr>\n<td>1P_JAR<\/td>\n<td>1A\u00f1o<\/td>\n<td>Esta cookie realiza informaci\u00f3n sobre c\u00f3mo el usuario final utiliza el sitio web y\ncualquiera\npublicidad que el usuario final haya visto antes de visitar este sitio web.<\/td>\n<\/tr>\n<\/tbody>\n<\/table><\/div>\n<h2>4.2. Funcionamiento<\/h2>\nPARADOX ENERGYTECH, S.L. no se hace responsable por las interferencias, omisiones, interrupciones, virus inform\u00e1ticos o otros elementos que puedan producir alteraciones en los sistemas del Usuario o en sus documentos o archivos motivados por causas ajenas a PARADOX ENERGYTECH, S.L. o en caso de haber adoptado estas medidas de seguridad razonablemente adecuadas.\nDel mismo modo, PARADOX ENERGYTECH, S.L. no asume la responsabilidad derivada de retrasos o bloqueos en el funcionamiento operativo del Portal causado por deficiencias o sobrecarga en las l\u00edneas telef\u00f3nicas o en Internet, as\u00ed como de da\u00f1os causados por terceras personas mediante intromisiones ilegitimas.\nPARADOX ENERGYTECH, S.L. se reserva el derecho de suspender el acceso al Portal con motivo de operaciones de mantenimiento, reparaci\u00f3n y\/o mejora.\n<h2>4.3. Enlaces<\/h2>\nPARADOX ENERGYTECH, S.L. no se hace responsable de los contenidos y servicios de aquellas p\u00e1ginas web que puedan estar enlazadas en el Portal m\u00e1s all\u00e1 de la responsabilidad asignada por la Ley 34\/2002, de 12 de julio, de Servicios de la Sociedad de la Informaci\u00f3n y el Comercio Electr\u00f3nico, en la medida en que pudiera tener conocimiento efectivo de la ilicitud de los contenidos y servicios suministrados en el portal web enlazado y no desactive el enlace con la diligencia debida. Si desea poner en nuestro conocimiento la existencia de un enlace hacia un sitio web con contenidos que considera inadecuados o il\u00edcitos puede ponerse en contacto con nosotros en info@paradoxenergy.tech. \n\n<\/div>\n<div style=\"margin-bottom: 40px;\">\n<h2>5. Protecci\u00f3n de datos<\/h2>\nPuede acceder a la informaci\u00f3n detallada respecto al tratamiento de los datos personales que PARADOX ENERGYTECH, S.L. lleva a t\u00e9rmino de los Usuarios visitando nuestra Pol\u00edtica de privacidad.\n\n<\/div>\n<div style=\"margin-bottom: 40px;\">\n<h2>6. Legislaci\u00f3n<\/h2>\nEl presente Aviso Legal se rige e interpreta, en caso de resultar necesario, por la legislaci\u00f3n com\u00fan espa\u00f1ola y, salvo que se establezca lo contrario en la normativa aplicable, cualquier conflicto se somete por las partes a jueces y tribunales de la ciudad de Barcelona.\n\n<\/div>\t\t\t\t\t\t\t\t<\/div>\n\t\t\t\t\t<\/div>\n\t\t\t\t<\/div>\n\t\t\t\t<\/div>\n\t\t\t\t<\/div>\n\t\t","protected":false},"excerpt":{"rendered":"<p>Pol\u00edtica de Cookies 1.INTRODUCCI\u00d3N El sitio web de paradoxenergy.tech utiliza cookies propias y de terceros. Una cookie es un archivo que se descarga en el su ordenador al acceder a determinadas p\u00e1ginas web. Las cookies permiten a una p\u00e1gina web, entre otros fines, asegurar el correcto funcionamiento de la p\u00e1gina, permitir al Usuario un acceso [&hellip;]<\/p>\n","protected":false},"author":1,"featured_media":0,"parent":0,"menu_order":0,"comment_status":"closed","ping_status":"closed","template":"elementor_header_footer","meta":{"footnotes":""},"class_list":["post-572","page","type-page","status-publish","hentry"],"yoast_head":"<!-- This site is optimized with the Yoast SEO plugin v25.3 - https:\/\/yoast.com\/wordpress\/plugins\/seo\/ -->\n<title>Pol\u00edtica de Cookies - Paradox Energytech<\/title>\n<meta name=\"robots\" content=\"index, follow, max-snippet:-1, max-image-preview:large, max-video-preview:-1\" \/>\n<link rel=\"canonical\" href=\"https:\/\/paradoxenergy.tech\/ca\/politica-de-cookies\/\" \/>\n<meta property=\"og:locale\" content=\"ca_ES\" \/>\n<meta property=\"og:type\" content=\"article\" \/>\n<meta property=\"og:title\" content=\"Pol\u00edtica de Cookies - Paradox Energytech\" \/>\n<meta property=\"og:description\" content=\"Pol\u00edtica de Cookies 1.INTRODUCCI\u00d3N El sitio web de paradoxenergy.tech utiliza cookies propias y de terceros. Una cookie es un archivo que se descarga en el su ordenador al acceder a determinadas p\u00e1ginas web. Las cookies permiten a una p\u00e1gina web, entre otros fines, asegurar el correcto funcionamiento de la p\u00e1gina, permitir al Usuario un acceso [&hellip;]\" \/>\n<meta property=\"og:url\" content=\"https:\/\/paradoxenergy.tech\/ca\/politica-de-cookies\/\" \/>\n<meta property=\"og:site_name\" content=\"Paradox Energytech\" \/>\n<meta property=\"article:modified_time\" content=\"2025-05-12T15:28:48+00:00\" \/>\n<meta name=\"twitter:card\" content=\"summary_large_image\" \/>\n<meta name=\"twitter:label1\" content=\"Temps estimat de lectura\" \/>\n\t<meta name=\"twitter:data1\" content=\"8 minuts\" \/>\n<script type=\"application\/ld+json\" class=\"yoast-schema-graph\">{\"@context\":\"https:\/\/schema.org\",\"@graph\":[{\"@type\":\"WebPage\",\"@id\":\"https:\/\/paradoxenergy.tech\/ca\/politica-de-cookies\/\",\"url\":\"https:\/\/paradoxenergy.tech\/ca\/politica-de-cookies\/\",\"name\":\"Pol\u00edtica de Cookies - Paradox Energytech\",\"isPartOf\":{\"@id\":\"https:\/\/paradoxenergy.tech\/ca\/#website\"},\"datePublished\":\"2025-03-11T14:08:52+00:00\",\"dateModified\":\"2025-05-12T15:28:48+00:00\",\"breadcrumb\":{\"@id\":\"https:\/\/paradoxenergy.tech\/ca\/politica-de-cookies\/#breadcrumb\"},\"inLanguage\":\"ca\",\"potentialAction\":[{\"@type\":\"ReadAction\",\"target\":[\"https:\/\/paradoxenergy.tech\/ca\/politica-de-cookies\/\"]}]},{\"@type\":\"BreadcrumbList\",\"@id\":\"https:\/\/paradoxenergy.tech\/ca\/politica-de-cookies\/#breadcrumb\",\"itemListElement\":[{\"@type\":\"ListItem\",\"position\":1,\"name\":\"Portada\",\"item\":\"https:\/\/paradoxenergy.tech\/ca\/inici\/\"},{\"@type\":\"ListItem\",\"position\":2,\"name\":\"Pol\u00edtica de Cookies\"}]},{\"@type\":\"WebSite\",\"@id\":\"https:\/\/paradoxenergy.tech\/ca\/#website\",\"url\":\"https:\/\/paradoxenergy.tech\/ca\/\",\"name\":\"Paradox Energytech\",\"description\":\"\",\"potentialAction\":[{\"@type\":\"SearchAction\",\"target\":{\"@type\":\"EntryPoint\",\"urlTemplate\":\"https:\/\/paradoxenergy.tech\/ca\/?s={search_term_string}\"},\"query-input\":{\"@type\":\"PropertyValueSpecification\",\"valueRequired\":true,\"valueName\":\"search_term_string\"}}],\"inLanguage\":\"ca\"}]}<\/script>\n<!-- \/ Yoast SEO plugin. -->","yoast_head_json":{"title":"Pol\u00edtica de Cookies - Paradox Energytech","robots":{"index":"index","follow":"follow","max-snippet":"max-snippet:-1","max-image-preview":"max-image-preview:large","max-video-preview":"max-video-preview:-1"},"canonical":"https:\/\/paradoxenergy.tech\/ca\/politica-de-cookies\/","og_locale":"ca_ES","og_type":"article","og_title":"Pol\u00edtica de Cookies - Paradox Energytech","og_description":"Pol\u00edtica de Cookies 1.INTRODUCCI\u00d3N El sitio web de paradoxenergy.tech utiliza cookies propias y de terceros. Una cookie es un archivo que se descarga en el su ordenador al acceder a determinadas p\u00e1ginas web. Las cookies permiten a una p\u00e1gina web, entre otros fines, asegurar el correcto funcionamiento de la p\u00e1gina, permitir al Usuario un acceso [&hellip;]","og_url":"https:\/\/paradoxenergy.tech\/ca\/politica-de-cookies\/","og_site_name":"Paradox Energytech","article_modified_time":"2025-05-12T15:28:48+00:00","twitter_card":"summary_large_image","twitter_misc":{"Temps estimat de lectura":"8 minuts"},"schema":{"@context":"https:\/\/schema.org","@graph":[{"@type":"WebPage","@id":"https:\/\/paradoxenergy.tech\/ca\/politica-de-cookies\/","url":"https:\/\/paradoxenergy.tech\/ca\/politica-de-cookies\/","name":"Pol\u00edtica de Cookies - Paradox Energytech","isPartOf":{"@id":"https:\/\/paradoxenergy.tech\/ca\/#website"},"datePublished":"2025-03-11T14:08:52+00:00","dateModified":"2025-05-12T15:28:48+00:00","breadcrumb":{"@id":"https:\/\/paradoxenergy.tech\/ca\/politica-de-cookies\/#breadcrumb"},"inLanguage":"ca","potentialAction":[{"@type":"ReadAction","target":["https:\/\/paradoxenergy.tech\/ca\/politica-de-cookies\/"]}]},{"@type":"BreadcrumbList","@id":"https:\/\/paradoxenergy.tech\/ca\/politica-de-cookies\/#breadcrumb","itemListElement":[{"@type":"ListItem","position":1,"name":"Portada","item":"https:\/\/paradoxenergy.tech\/ca\/inici\/"},{"@type":"ListItem","position":2,"name":"Pol\u00edtica de Cookies"}]},{"@type":"WebSite","@id":"https:\/\/paradoxenergy.tech\/ca\/#website","url":"https:\/\/paradoxenergy.tech\/ca\/","name":"Paradox Energytech","description":"","potentialAction":[{"@type":"SearchAction","target":{"@type":"EntryPoint","urlTemplate":"https:\/\/paradoxenergy.tech\/ca\/?s={search_term_string}"},"query-input":{"@type":"PropertyValueSpecification","valueRequired":true,"valueName":"search_term_string"}}],"inLanguage":"ca"}]}},"_links":{"self":[{"href":"https:\/\/paradoxenergy.tech\/ca\/wp-json\/wp\/v2\/pages\/572","targetHints":{"allow":["GET"]}}],"collection":[{"href":"https:\/\/paradoxenergy.tech\/ca\/wp-json\/wp\/v2\/pages"}],"about":[{"href":"https:\/\/paradoxenergy.tech\/ca\/wp-json\/wp\/v2\/types\/page"}],"author":[{"embeddable":true,"href":"https:\/\/paradoxenergy.tech\/ca\/wp-json\/wp\/v2\/users\/1"}],"replies":[{"embeddable":true,"href":"https:\/\/paradoxenergy.tech\/ca\/wp-json\/wp\/v2\/comments?post=572"}],"version-history":[{"count":1,"href":"https:\/\/paradoxenergy.tech\/ca\/wp-json\/wp\/v2\/pages\/572\/revisions"}],"predecessor-version":[{"id":573,"href":"https:\/\/paradoxenergy.tech\/ca\/wp-json\/wp\/v2\/pages\/572\/revisions\/573"}],"wp:attachment":[{"href":"https:\/\/paradoxenergy.tech\/ca\/wp-json\/wp\/v2\/media?parent=572"}],"curies":[{"name":"wp","href":"https:\/\/api.w.org\/{rel}","templated":true}]}}