{"id":576,"date":"2025-03-11T14:08:55","date_gmt":"2025-03-11T14:08:55","guid":{"rendered":"https:\/\/paradoxenergy.tech\/politica-de-privacitat\/"},"modified":"2025-05-12T15:43:10","modified_gmt":"2025-05-12T15:43:10","slug":"politica-de-privacitat","status":"publish","type":"page","link":"https:\/\/paradoxenergy.tech\/ca\/politica-de-privacitat\/","title":{"rendered":"Pol\u00edtica de Privacitat"},"content":{"rendered":"\t\t<div data-elementor-type=\"wp-post\" data-elementor-id=\"576\" class=\"elementor elementor-576 elementor-200\" data-elementor-post-type=\"page\">\n\t\t\t\t<div class=\"elementor-element elementor-element-66466f9 e-con-full e-flex e-con e-parent\" data-id=\"66466f9\" data-element_type=\"container\" data-settings=\"{&quot;background_background&quot;:&quot;classic&quot;}\">\n\t\t<div class=\"elementor-element elementor-element-83fa941 e-flex e-con-boxed e-con e-child\" data-id=\"83fa941\" data-element_type=\"container\" data-settings=\"{&quot;background_background&quot;:&quot;classic&quot;}\">\n\t\t\t\t\t<div class=\"e-con-inner\">\n\t\t\t\t<div class=\"elementor-element elementor-element-640ad04 elementor-widget elementor-widget-heading\" data-id=\"640ad04\" data-element_type=\"widget\" data-widget_type=\"heading.default\">\n\t\t\t\t\t<h2 class=\"elementor-heading-title elementor-size-default\">Pol\u00edtica de Privacitat<\/h2>\t\t\t\t<\/div>\n\t\t\t\t\t<\/div>\n\t\t\t\t<\/div>\n\t\t<div class=\"elementor-element elementor-element-7cdf19b e-flex e-con-boxed e-con e-child\" data-id=\"7cdf19b\" data-element_type=\"container\">\n\t\t\t\t\t<div class=\"e-con-inner\">\n\t\t\t\t<div class=\"elementor-element elementor-element-3a8429d elementor-widget elementor-widget-text-editor\" data-id=\"3a8429d\" data-element_type=\"widget\" data-widget_type=\"text-editor.default\">\n\t\t\t\t\t\t\t\t\t<div style=\"margin-bottom: 40px;\">Esta Pol\u00edtica de Privacidad describe el tratamiento de los datos personales por parte de paradoxenergy.tech que se ajusta a lo que se establece en la Ley org\u00e1nica 3\/2018, de 5 de diciembre, de Protecci\u00f3n de Datos Personales y garant\u00eda de los derechos digitales y el Reglamento (UE) 2016\/679 del Parlamento Europeo y del Consejo, de 27 de abril de 2016, relativo a la protecci\u00f3n de las personas f\u00edsicas en lo que se refiere al tratamiento de datos personales ya la libre circulaci\u00f3n de estos datos.<\/div><div style=\"margin-bottom: 40px;\"><h2>\u00bfQui\u00e9n es el responsable de los datos?<\/h2><p>Identidad del responsable: Jordi Noguera<\/p><p>Nombre comercial: PARADOX ENERGYTECH, S.L.<\/p><p>CIF: B13693189<\/p><p>Direcci\u00f3n: Calle Mestran\u00e7a, 33, 1\u00ba, 08003, Barcelona<\/p><p>Tel\u00e9fono: +36 686 813 098<\/p><p>Correo electr\u00f3nico: info@paradoxenergy.tech<\/p><p>Puede dirigirse cualquier consulta o comunicaci\u00f3n a la direcci\u00f3n de correo electr\u00f3nico info@paradoxenergy.tech o,<br>alternativamente, mediante correo postal a Calle Mestran\u00e7a, 33, 1\u00ba, 08003, Barcelona.<\/p><\/div><div style=\"margin-bottom: 40px;\"><h2>\u00bfQu\u00e9 categor\u00edas de datos se tratan?<\/h2><h3>2.1.Contenidos<\/h3><p>Nombre y apellidos<\/p><p>Direcci\u00f3n de correo electr\u00f3nico, personal y\/o profesional<\/p><p>N\u00famero\/s de tel\u00e9fono, personal y\/o profesional<\/p><p>Direcci\u00f3n, personal y\/o profesional<\/p><p>Empresa y cargo dentro de la organizaci\u00f3n<\/p><p>DNI\/CIF\/NIE<\/p><p>Cualquier otra informaci\u00f3n que facilite a trav\u00e9s de los campos de texto libre incluidos en los formularios<br>habilitados<\/p><\/div><div style=\"margin-bottom: 40px;\"><h2>Tipo de Datos Mantenidos por PARADOX ENERGYTECH, S.L.<\/h2><p>A continuaci\u00f3n se explica la finalidad, plazo de conservaci\u00f3n y legitimaci\u00f3n de los datos recabados y mantenidos por PARADOX ENERGYTECH, S.L..<br>Se informa al interesado que no se generar\u00e1n perfiles comerciales ni se tomar\u00e1n decisiones automatizadas.<\/p><\/div><div style=\"margin-bottom: 40px;\"><h2>Datos de Clientes<\/h2><p>PARADOX ENERGYTECH, S.L. conservar\u00e1 los datos de car\u00e1cter personal para la prestaci\u00f3n de los servicios jur\u00eddicos solicitados por cualquier cliente o potencial cliente.<br>Normalmente, el alcance de tales servicios jur\u00eddicos quedar\u00e1 acotado en la carta por encargo firmada entre PARADOX ENERGYTECH, S.L. y el cliente.<br>Tambi\u00e9n PARADOX ENERGYTECH, S.L. podr\u00e1 tratar los datos personales en sede precontractual, como por ejemplo con el fin de preparar una propuesta de servicios al cliente o potencial cliente.<\/p><\/div><div style=\"margin-bottom: 40px;\"><h2>\u00bfCon qu\u00e9 finalidad se tratan los datos?<\/h2><p>Los datos personales de nuestros clientes ser\u00e1n tratados para el desarrollo y ejecuci\u00f3n de los servicios solicitados y\/o contratados, lo que incluye:<\/p><ul><li>Elaborar adecuadamente la propuesta de servicios solicitada.<\/li><li>Gestionar la contrataci\u00f3n de los servicios solicitados y la correspondiente facturaci\u00f3n.<\/li><li>Mantener el contacto para recabar informaci\u00f3n o proporcionar informaci\u00f3n sobre los servicios contratados y\/o modificaciones en \u00e9ste.<\/li><li>Dar cumplimiento a las obligaciones contractuales y comerciales asumidas ya cu\u00e1ntas obligaciones legales deban ser atendidas por PARADOX ENERGYTECH, S.L..<\/li><li>Conocer el grado de satisfacci\u00f3n con los servicios recibidos.<\/li><li>Enviar comunicaciones electr\u00f3nicas en relaci\u00f3n con actividades, novedades, eventos y noticias de la empresa que puedan ser de su inter\u00e9s de acuerdo con la naturaleza del servicio contratado y siempre que no manifieste su deseo de no recibirlas al amparo del permitido por la Ley 34\/2002, de 11 de julio, de servicios de la sociedad de la informaci\u00f3n y de comercio electr\u00f3nico.<\/li><li>En relaci\u00f3n a las solicitudes de contacto, los datos ser\u00e1n objeto de tratamiento con el fin de proporcionar una adecuada gesti\u00f3n y atenci\u00f3n de la solicitud de acuerdo con la naturaleza de la misma.<\/li><\/ul><p>Asimismo, se tratar\u00e1n los datos con fines de marketing en caso de que se solicite el alta en la secci\u00f3n \u201cMant\u00e9nguese informado\u201d y en aquellos supuestos en los que se proporcione expresamente el consentimiento necesario para ello. Esta finalidad incluye el env\u00edo de comunicaciones electr\u00f3nicas peri\u00f3dicas en relaci\u00f3n con informaci\u00f3n, actividades, novedades, eventos y noticias relativas a la empresa o al sector jur\u00eddico digo en general y que puedan ser de inter\u00e9s para los Usuarios y siempre que no manifiesten su deseo de dejar de recibirlas. En caso de solicitar inscripci\u00f3n y\/o participar en alguno de los eventos que celebremos, se utilizar\u00e1n el nombre y apellidos, direcci\u00f3n de correo electr\u00f3nico y datos profesionales (empresa y cargo) para gestionar la inscripci\u00f3n en el evento de referencia y mantener el contacto con el fin de confirmar asistencia o informar de cualquier novedad o cambio en el evento seleccionado.<br>Asimismo, podemos utilizar los datos para recabar la opini\u00f3n y experiencia sobre el evento, realizar estudios estad\u00edsticos, as\u00ed como para enviarle informaci\u00f3n sobre futuros eventos, noticias y novedades de la empresa. Asimismo, s\u00f3lo en caso de que sea solicitado y, siempre que no retire su consentimiento, usaremos los datos para el env\u00edo de newsletters y comunicaciones comerciales electr\u00f3nicas peri\u00f3dicas en relaci\u00f3n con informaci\u00f3n, actividades, novedades, eventos y noticias relativas a la empresa o en el sector jur\u00eddico que puedan ser de tu inter\u00e9s. Cuando se accede al portal web, se realiza un tratamiento de datos del usuario con el fin de elaborar informes estad\u00edsticos y perfiles an\u00f3nimos respecto a los h\u00e1bitos de acceso y la actividad desarrollada por los Usuarios durante su navegaci\u00f3n. Salvo que se indique lo contrario, los datos solicitados son necesarios por lo que su no aportaci\u00f3n impedir\u00e1 la presentaci\u00f3n de la solicitud en cuesti\u00f3n. PARADOX ENERGYTECH, S.L. participa en redes sociales.      <br>El tratamiento de los datos que se realice de los Usuarios que se hagan seguidores (y\/o realicen cualquier v\u00ednculo o acci\u00f3n de conexi\u00f3n a trav\u00e9s de las redes sociales) de las p\u00e1ginas oficiales de PARADOX ENERGYTECH, S.L. en las redes sociales, se regir\u00e1 por aquellas condiciones de uso, pol\u00edticas de privacidad y otras normativas de acceso, uso y similares que pertenezcan a la red social que corresponda, que el usuario, como participante de estas redes sociales, habr\u00e1 aceptado previamente.<br>En consecuencia, PARADOX ENERGYTECH, S.L. no se hace responsable de la informaci\u00f3n personal compartida por el usuario en las redes sociales.<\/p><\/div><div style=\"margin-bottom: 40px;\"><h2>\u00bfCu\u00e1l es la legitimaci\u00f3n para el tratamiento de los datos?<\/h2><p>La legitimaci\u00f3n respecto del tratamiento relativo al desarrollo y ejecuci\u00f3n de los servicios solicitados y\/o contratados tiene su origen en la relaci\u00f3n contractual entre las partes.<br>El resto de tratamientos la base legal del tratamiento es el consentimiento prestado y el inter\u00e9s leg\u00edtimo en el mantenimiento de la relaci\u00f3n existente.<\/p><\/div><div style=\"margin-bottom: 40px;\"><h2>\u00bfCu\u00e1nto tiempo guarda PARADOX ENERGYTECH, S.L. los datos?<\/h2><p>Los datos personales objeto de tratamiento por PARADOX ENERGYTECH, S.L. ser\u00e1n tratados mientras sea necesario para la finalidad para la que fueron recogidos o contin\u00fae vigente la relaci\u00f3n entre las partes y siempre que el titular de aqu\u00e9llos no manifieste su oposici\u00f3n o enfoscado el consentimiento prestado .<br>Una vez finalizado este plazo, y s\u00f3lo en caso de que resulte necesario de acuerdo con la normativa vigente, se conservar\u00e1n los datos debidamente bloqueados durante los plazos legalmente establecidos.<br>Si desea obtener m\u00e1s informaci\u00f3n al respecto puede solicitarla en info@paradoxenergy.tech.<\/p><\/div><div style=\"margin-bottom: 40px;\"><h2>Datos de personas que solicite informaci\u00f3n<\/h2><p>Finalidad: PARADOX ENERGYTECH, S.L. conservar\u00e1 los datos personales y materiales de acompa\u00f1amiento que env\u00ede cualquier persona por cualquier medio solicitando informaci\u00f3n sobre los servicios de PARADOX ENERGYTECH, S.L..<br>La finalidad consistir\u00e1 en responder a la consulta del interesado. Plazo de Conservaci\u00f3n: Los datos personales de personas que soliciten informaci\u00f3n sobre los servicios de PARADOX ENERGYTECH, S.L., o de alguna otra forma soliciten estar informados sobre una cuesti\u00f3n determinada, se conservar\u00e1n hasta que el interesado retire su consentimiento, salvo que existiera una obligaci\u00f3n legal de conservar los datos personales por un plazo superior. Legitimaci\u00f3n: PARADOX ENERGYTECH, S.L. est\u00e1 legitimado para la conservaci\u00f3n de los datos personales de personas que soliciten informaci\u00f3n de conformidad con el consentimiento espec\u00edfico que deber\u00e1 devolver firmado cualquier interesado.<br>Si el interesado se negara a firmar el consentimiento espec\u00edfico, sus datos y materiales ser\u00e1n borrados y no se atender\u00e1 la consulta realizada.  <\/p><\/div><div style=\"margin-bottom: 40px;\"><h2>Comunicaciones Comerciales<\/h2><p>Finalidad: En caso de que PARADOX ENERGYTECH, S.L. fuera a enviar a un interesado comunicaciones comerciales, PARADOX ENERGYTECH, S.L. solicitar\u00e1 al interesado su consentimiento expreso y previo para tal efecto.<br>La finalidad ser\u00e1 enviar comunicaciones comerciales puntuales o peri\u00f3dicas a el interesado, incluyendo un newsletter y\/o comunicaciones espec\u00edficas. Plazo de Conservaci\u00f3n: Los datos personales de personas que acepten recibir comunicaciones comerciales de PARADOX ENERGYTECH, S.L. se conservar\u00e1n hasta que el interesado retire su consentimiento, salvo que hubiera una obligaci\u00f3n legal de conservar los datos personales por plazo superior. Legitimaci\u00f3n: PARADOX ENERGYTECH, S.L. est\u00e1 legitimado para la conservaci\u00f3n de los datos personales de interesados en recibir comunicaciones comerciales de PARADOX ENERGYTECH, S.L. de conformidad con el consentimiento espec\u00edfico que deber\u00e1 devolver firmado cualquier interesado.<br>Si el interesado se negara a firmar el consentimiento espec\u00edfico, sus datos ser\u00e1n borrados y PARADOX ENERGYTECH, S.L. no le enviar\u00e1 comunicaciones comerciales.  <\/p><\/div><div style=\"margin-bottom: 40px;\"><h2>Datos de Proveedores<\/h2><p>Finalidad: PARADOX ENERGYTECH, S.L. conservar\u00e1 los datos de car\u00e1cter personal para la recepci\u00f3n de los servicios prestados por cualquier proveedor o potencial proveedor de servicios.<br>Normalmente, el alcance de tales servicios quedar\u00e1 acotado en el contrato de prestaci\u00f3n de servicios firmado entre PARADOX ENERGYTECH, S.L. y el proveedor de servicios. Tambi\u00e9n PARADOX ENERGYTECH, S.L. podr\u00e1 tratar los datos personales en sede precontractual, como por ejemplo con el fin de solicitar una propuesta de servicios al proveedor o potencial proveedor de servicios. Plazo de Conservaci\u00f3n: Los datos personales de proveedores y potenciales proveedores de servicios se conservar\u00e1n en cualquier caso mientras se mantenga la relaci\u00f3n jur\u00eddica con PARADOX ENERGYTECH, S.L. y, posteriormente, hasta que el proveedor o potencial proveedor de servicios solicite su supresi\u00f3n. Legitimaci\u00f3n: PARADOX ENERGYTECH, S.L. est\u00e1 legitimado para la conservaci\u00f3n de los datos personales para la ejecuci\u00f3n del contrato de prestaci\u00f3n de servicios que se firme entre PARADOX ENERGYTECH, S.L. y el suministrador de servicios, as\u00ed como para cualesquiera actuaciones precontractuales.<br>Asimismo, PARADOX ENERGYTECH, S.L. est\u00e1 legitimado por consentimiento del proveedor de servicios, que podr\u00e1 quedar reflejado en el contrato que se firme entre PARADOX ENERGYTECH, S.L. y el proveedor de servicios. La comunicaci\u00f3n de datos personales es un requisito esencial para la firma del contrato de prestaci\u00f3n de servicios, por lo que el proveedor de servicios est\u00e1 obligado a su comunicaci\u00f3n a PARADOX ENERGYTECH, S.L..    <br>En caso de que el proveedor de servicios no facilite sus datos personales, PARADOX ENERGYTECH, S.L. podr\u00e1 negarse a la firma del contrato de prestaci\u00f3n de servicios, negarse a recibir los servicios y\/o resolver la relaci\u00f3n jur\u00eddica en cualquier momento.<\/p><\/div><div style=\"margin-bottom: 40px;\"><h2>\u00bfA qu\u00e9 destinatarios se comunican los datos?<\/h2><p>Para cumplir con los fines indicados, PARADOX ENERGYTECH, S.L. puede comunicar datos a la sociedad as\u00ed como a terceros que nos proporcionan servicios financieros, tecnol\u00f3gicos, log\u00edsticos, etc. En el marco de los servicios profesionales que presta PARADOX ENERGYTECH, S.L., as\u00ed como para la ejecuci\u00f3n de contratos con clientes y proveedores, PARADOX ENERGYTECH, S.L. puede comunicar sus datos personales a terceros, incluyendo: <\/p><ul><li>Terceros a los que deban ser comunicados los datos personales, como jueces, tribunales, \u00e1rbitros, colegios de abogados, administraciones p\u00fablicas, contrapartes, auditores, contables, asesores, peritos, investigadores privados, abogados, procuradores, notarios, registradores y otros profesionales del \u00e1mbito jur\u00eddico;<\/li><li>Proveedores de servicios de PARADOX ENERGYTECH, S.L. tales como proveedores inform\u00e1ticos, contables, auditores, almacenamiento de documentos, y otros profesionales del \u00e1mbito jur\u00eddico.<\/li><\/ul><p>Adem\u00e1s de lo anterior, se comunicar\u00e1n datos personales en aquellos supuestos requeridos por la normativa vigente.<\/p><\/div><div style=\"margin-bottom: 40px;\"><h2>Destinatarios y Transferencias Internacionales<\/h2><p>Salvo obligaci\u00f3n legal o consentimiento expreso del interesado, PARADOX ENERGYTECH, S.L. no realizar\u00e1 ninguna cesi\u00f3n ni transferencia internacional de datos de car\u00e1cter personal.<\/p><\/div><div style=\"margin-bottom: 40px;\"><h2>\u00bfCu\u00e1les son sus derechos cuando facilita sus datos personales?<\/h2><p>Los Usuarios pueden ejercer los derechos:<\/p><ul><li>De acceso a los datos personales que est\u00e9n siendo objeto de tratamiento ya los detalles de estas operaciones de tratamiento.<\/li><li>De rectificaci\u00f3n de los datos que sean inexactos<\/li><li>De supresi\u00f3n, en los casos previstos por la normativa<\/li><li>A la limitaci\u00f3n de sus datos en los supuestos que determina la ley<\/li><li>En la portabilidad de sus datos cuando el tratamiento sea automatizado y encuentre su base legal en una<br>relaci\u00f3n contractual o en el consentimiento<\/li><li>De oposici\u00f3n al tratamiento en aquellos supuestos permitidos por la ley<\/li><li>De revocaci\u00f3n, en cualquier momento, del consentimiento prestado<\/li><\/ul><p>Podr\u00e1n ejercitar los derechos anteriormente referidos, en los t\u00e9rminos y condiciones previstos en la legislaci\u00f3n vigente, en el domicilio social de PARADOX ENERGYTECH, S.L. o enviando un correo electr\u00f3nico a info@paradoxenergy.tech. El interesado deber\u00e1 indicar en todo caso su nombre, apellidos y direcci\u00f3n de contacto y, adem\u00e1s, deber\u00e1 acompa\u00f1ar a cualquier solicitud una fotocopia de su Documento Nacional de Identidad o el N\u00famero de Identificaci\u00f3n de Extranjero. El interesado puede obtener m\u00e1s informaci\u00f3n sobre los derechos anteriores, as\u00ed como formularios para ejercitarlos, en la p\u00e1gina de internet de la Agencia Espa\u00f1ola de Protecci\u00f3n de Datos (AEPD) ubicada en C\/ Jorge Juan n\u00ba6, 28001 Madrid.<br>M\u00e1s informaci\u00f3n en www.aepd.es. Si el interesado ha otorgado su consentimiento para alguna finalidad espec\u00edfica, \u00e9ste tiene derecho a retirar el consentimiento otorgado en cualquier momento, sin que ello afecte a la licitud del tratamiento basado en el consentimiento previo a su retirada. En caso de que el interesado considere vulnerados sus derechos por lo que concierne a la protecci\u00f3n de sus datos personales, especialmente cuando no haya obtenido satisfacci\u00f3n en el ejercicio de sus derechos, puede presentar una reclamaci\u00f3n ante la Agencia Espa\u00f1ola de Protecci\u00f3n de Datos ( AEPD) a trav\u00e9s de su p\u00e1gina de internet (www.agpd.es).    <\/p><\/div>\t\t\t\t\t\t\t\t<\/div>\n\t\t\t\t\t<\/div>\n\t\t\t\t<\/div>\n\t\t\t\t<\/div>\n\t\t\t\t<\/div>\n\t\t","protected":false},"excerpt":{"rendered":"<p>Pol\u00edtica de Privacitat Esta Pol\u00edtica de Privacidad describe el tratamiento de los datos personales por parte de paradoxenergy.tech que se ajusta a lo que se establece en la Ley org\u00e1nica 3\/2018, de 5 de diciembre, de Protecci\u00f3n de Datos Personales y garant\u00eda de los derechos digitales y el Reglamento (UE) 2016\/679 del Parlamento Europeo y [&hellip;]<\/p>\n","protected":false},"author":1,"featured_media":0,"parent":0,"menu_order":0,"comment_status":"closed","ping_status":"closed","template":"elementor_header_footer","meta":{"footnotes":""},"class_list":["post-576","page","type-page","status-publish","hentry"],"yoast_head":"<!-- This site is optimized with the Yoast SEO plugin v25.3 - https:\/\/yoast.com\/wordpress\/plugins\/seo\/ -->\n<title>Pol\u00edtica de Privacitat - Paradox Energytech<\/title>\n<meta name=\"robots\" content=\"index, follow, max-snippet:-1, max-image-preview:large, max-video-preview:-1\" \/>\n<link rel=\"canonical\" href=\"https:\/\/paradoxenergy.tech\/ca\/politica-de-privacitat\/\" \/>\n<meta property=\"og:locale\" content=\"ca_ES\" \/>\n<meta property=\"og:type\" content=\"article\" \/>\n<meta property=\"og:title\" content=\"Pol\u00edtica de Privacitat - Paradox Energytech\" \/>\n<meta property=\"og:description\" content=\"Pol\u00edtica de Privacitat Esta Pol\u00edtica de Privacidad describe el tratamiento de los datos personales por parte de paradoxenergy.tech que se ajusta a lo que se establece en la Ley org\u00e1nica 3\/2018, de 5 de diciembre, de Protecci\u00f3n de Datos Personales y garant\u00eda de los derechos digitales y el Reglamento (UE) 2016\/679 del Parlamento Europeo y [&hellip;]\" \/>\n<meta property=\"og:url\" content=\"https:\/\/paradoxenergy.tech\/ca\/politica-de-privacitat\/\" \/>\n<meta property=\"og:site_name\" content=\"Paradox Energytech\" \/>\n<meta property=\"article:modified_time\" content=\"2025-05-12T15:43:10+00:00\" \/>\n<meta name=\"twitter:card\" content=\"summary_large_image\" \/>\n<meta name=\"twitter:label1\" content=\"Temps estimat de lectura\" \/>\n\t<meta name=\"twitter:data1\" content=\"12 minuts\" \/>\n<script type=\"application\/ld+json\" class=\"yoast-schema-graph\">{\"@context\":\"https:\/\/schema.org\",\"@graph\":[{\"@type\":\"WebPage\",\"@id\":\"https:\/\/paradoxenergy.tech\/ca\/politica-de-privacitat\/\",\"url\":\"https:\/\/paradoxenergy.tech\/ca\/politica-de-privacitat\/\",\"name\":\"Pol\u00edtica de Privacitat - Paradox Energytech\",\"isPartOf\":{\"@id\":\"https:\/\/paradoxenergy.tech\/ca\/#website\"},\"datePublished\":\"2025-03-11T14:08:55+00:00\",\"dateModified\":\"2025-05-12T15:43:10+00:00\",\"breadcrumb\":{\"@id\":\"https:\/\/paradoxenergy.tech\/ca\/politica-de-privacitat\/#breadcrumb\"},\"inLanguage\":\"ca\",\"potentialAction\":[{\"@type\":\"ReadAction\",\"target\":[\"https:\/\/paradoxenergy.tech\/ca\/politica-de-privacitat\/\"]}]},{\"@type\":\"BreadcrumbList\",\"@id\":\"https:\/\/paradoxenergy.tech\/ca\/politica-de-privacitat\/#breadcrumb\",\"itemListElement\":[{\"@type\":\"ListItem\",\"position\":1,\"name\":\"Portada\",\"item\":\"https:\/\/paradoxenergy.tech\/ca\/inici\/\"},{\"@type\":\"ListItem\",\"position\":2,\"name\":\"Pol\u00edtica de Privacitat\"}]},{\"@type\":\"WebSite\",\"@id\":\"https:\/\/paradoxenergy.tech\/ca\/#website\",\"url\":\"https:\/\/paradoxenergy.tech\/ca\/\",\"name\":\"Paradox Energytech\",\"description\":\"\",\"potentialAction\":[{\"@type\":\"SearchAction\",\"target\":{\"@type\":\"EntryPoint\",\"urlTemplate\":\"https:\/\/paradoxenergy.tech\/ca\/?s={search_term_string}\"},\"query-input\":{\"@type\":\"PropertyValueSpecification\",\"valueRequired\":true,\"valueName\":\"search_term_string\"}}],\"inLanguage\":\"ca\"}]}<\/script>\n<!-- \/ Yoast SEO plugin. -->","yoast_head_json":{"title":"Pol\u00edtica de Privacitat - Paradox Energytech","robots":{"index":"index","follow":"follow","max-snippet":"max-snippet:-1","max-image-preview":"max-image-preview:large","max-video-preview":"max-video-preview:-1"},"canonical":"https:\/\/paradoxenergy.tech\/ca\/politica-de-privacitat\/","og_locale":"ca_ES","og_type":"article","og_title":"Pol\u00edtica de Privacitat - Paradox Energytech","og_description":"Pol\u00edtica de Privacitat Esta Pol\u00edtica de Privacidad describe el tratamiento de los datos personales por parte de paradoxenergy.tech que se ajusta a lo que se establece en la Ley org\u00e1nica 3\/2018, de 5 de diciembre, de Protecci\u00f3n de Datos Personales y garant\u00eda de los derechos digitales y el Reglamento (UE) 2016\/679 del Parlamento Europeo y [&hellip;]","og_url":"https:\/\/paradoxenergy.tech\/ca\/politica-de-privacitat\/","og_site_name":"Paradox Energytech","article_modified_time":"2025-05-12T15:43:10+00:00","twitter_card":"summary_large_image","twitter_misc":{"Temps estimat de lectura":"12 minuts"},"schema":{"@context":"https:\/\/schema.org","@graph":[{"@type":"WebPage","@id":"https:\/\/paradoxenergy.tech\/ca\/politica-de-privacitat\/","url":"https:\/\/paradoxenergy.tech\/ca\/politica-de-privacitat\/","name":"Pol\u00edtica de Privacitat - Paradox Energytech","isPartOf":{"@id":"https:\/\/paradoxenergy.tech\/ca\/#website"},"datePublished":"2025-03-11T14:08:55+00:00","dateModified":"2025-05-12T15:43:10+00:00","breadcrumb":{"@id":"https:\/\/paradoxenergy.tech\/ca\/politica-de-privacitat\/#breadcrumb"},"inLanguage":"ca","potentialAction":[{"@type":"ReadAction","target":["https:\/\/paradoxenergy.tech\/ca\/politica-de-privacitat\/"]}]},{"@type":"BreadcrumbList","@id":"https:\/\/paradoxenergy.tech\/ca\/politica-de-privacitat\/#breadcrumb","itemListElement":[{"@type":"ListItem","position":1,"name":"Portada","item":"https:\/\/paradoxenergy.tech\/ca\/inici\/"},{"@type":"ListItem","position":2,"name":"Pol\u00edtica de Privacitat"}]},{"@type":"WebSite","@id":"https:\/\/paradoxenergy.tech\/ca\/#website","url":"https:\/\/paradoxenergy.tech\/ca\/","name":"Paradox Energytech","description":"","potentialAction":[{"@type":"SearchAction","target":{"@type":"EntryPoint","urlTemplate":"https:\/\/paradoxenergy.tech\/ca\/?s={search_term_string}"},"query-input":{"@type":"PropertyValueSpecification","valueRequired":true,"valueName":"search_term_string"}}],"inLanguage":"ca"}]}},"_links":{"self":[{"href":"https:\/\/paradoxenergy.tech\/ca\/wp-json\/wp\/v2\/pages\/576","targetHints":{"allow":["GET"]}}],"collection":[{"href":"https:\/\/paradoxenergy.tech\/ca\/wp-json\/wp\/v2\/pages"}],"about":[{"href":"https:\/\/paradoxenergy.tech\/ca\/wp-json\/wp\/v2\/types\/page"}],"author":[{"embeddable":true,"href":"https:\/\/paradoxenergy.tech\/ca\/wp-json\/wp\/v2\/users\/1"}],"replies":[{"embeddable":true,"href":"https:\/\/paradoxenergy.tech\/ca\/wp-json\/wp\/v2\/comments?post=576"}],"version-history":[{"count":1,"href":"https:\/\/paradoxenergy.tech\/ca\/wp-json\/wp\/v2\/pages\/576\/revisions"}],"predecessor-version":[{"id":577,"href":"https:\/\/paradoxenergy.tech\/ca\/wp-json\/wp\/v2\/pages\/576\/revisions\/577"}],"wp:attachment":[{"href":"https:\/\/paradoxenergy.tech\/ca\/wp-json\/wp\/v2\/media?parent=576"}],"curies":[{"name":"wp","href":"https:\/\/api.w.org\/{rel}","templated":true}]}}